{"id":29752,"date":"2023-10-23T20:17:17","date_gmt":"2023-10-23T23:17:17","guid":{"rendered":"https:\/\/www.campusvirtualunfpa.com.ar\/cursos\/register\/"},"modified":"2024-04-05T13:59:54","modified_gmt":"2024-04-05T16:59:54","slug":"registro","status":"publish","type":"page","link":"https:\/\/www.campusvirtualunfpa.com.ar\/cursos\/registro\/","title":{"rendered":"Registro"},"content":{"rendered":"[et_pb_section fb_built=&#8221;1&#8243; admin_label=&#8221;section&#8221; _builder_version=&#8221;4.23.1&#8243; global_colors_info=&#8221;{}&#8221;][et_pb_row use_custom_gutter=&#8221;on&#8221; admin_label=&#8221;row&#8221; _builder_version=&#8221;4.23.1&#8243; background_size=&#8221;initial&#8221; background_position=&#8221;top_left&#8221; background_repeat=&#8221;repeat&#8221; width=&#8221;100%&#8221; global_colors_info=&#8221;{}&#8221;][et_pb_column type=&#8221;4_4&#8243; _builder_version=&#8221;4.16&#8243; custom_padding=&#8221;|||&#8221; global_colors_info=&#8221;{}&#8221; custom_padding__hover=&#8221;|||&#8221;][et_pb_image src=&#8221;https:\/\/www.campusvirtualunfpa.com.ar\/wp-content\/uploads\/2023\/11\/banner_escritorio_vih1.jpg&#8221; force_fullwidth=&#8221;on&#8221; _builder_version=&#8221;4.23.1&#8243; _module_preset=&#8221;default&#8221; global_colors_info=&#8221;{}&#8221;][\/et_pb_image][et_pb_text _builder_version=&#8221;4.23.1&#8243; _module_preset=&#8221;default&#8221; width_tablet=&#8221;auto&#8221; width_phone=&#8221;auto&#8221; width_last_edited=&#8221;on|phone&#8221; module_alignment=&#8221;center&#8221; global_colors_info=&#8221;{}&#8221;]<h1>Registro<\/h1>[\/et_pb_text][et_pb_text admin_label=&#8221;Text&#8221; _builder_version=&#8221;4.23.1&#8243; background_size=&#8221;initial&#8221; background_position=&#8221;top_left&#8221; background_repeat=&#8221;repeat&#8221; width_tablet=&#8221;90%&#8221; width_phone=&#8221;90%&#8221; width_last_edited=&#8221;on|desktop&#8221; global_colors_info=&#8221;{}&#8221;]<p><\/p>\n<p style=\"font-size: 15px; text-align: center;\"><strong>Atenci\u00f3n: <\/strong>Los datos ingresados (Nombres y Apellidos) ser\u00e1n utilizados para la confecci\u00f3n de los certificados digitales. Verifique sus datos antes de registrarse.<\/p>\n<p><!-- \/wp:post-content --><\/p>\n<p><!-- wp:spacer {\"height\":\"77px\"} --><\/p>\n<p><!-- \/wp:spacer --><\/p>[\/et_pb_text][\/et_pb_column][\/et_pb_row][et_pb_row _builder_version=&#8221;4.23.1&#8243; _module_preset=&#8221;default&#8221; global_colors_info=&#8221;{}&#8221;][et_pb_column type=&#8221;4_4&#8243; _builder_version=&#8221;4.23.1&#8243; _module_preset=&#8221;default&#8221; global_colors_info=&#8221;{}&#8221;][et_pb_text _builder_version=&#8221;4.24.2&#8243; _module_preset=&#8221;default&#8221; hover_enabled=&#8221;0&#8243; global_colors_info=&#8221;{}&#8221; sticky_enabled=&#8221;0&#8243;]<p style=\"font-size: 15px;\"><!-- wp:shortcode -->\n<div class=\"um um-register um-30020\">\n\t<div class=\"um-form\" data-mode=\"register\">\n\t\t<form method=\"post\" action=\"\">\n\t\t\t<div class=\"um-row _um_row_1 \" style=\"padding: 0px 0px 0px 0px;margin: 0px 0px 30px 0px;border-width: 0px 0px 0px 0px;border-style: solid;border-radius: 0px;\"><div class=\"um-col-1\"><div  id=\"um_field_30020_user_login\" class=\"um-field um-field-text  um-field-user_login um-field-text um-field-type_text\" data-key=\"user_login\"><div class=\"um-field-label\"><label for=\"user_login-30020\">Nombre de usuario<\/label><span class=\"um-tip um-tip-w\" title=\"En min\u00fasculas sin espacios.\"><i class=\"um-icon-help-circled\"><\/i><\/span><div class=\"um-clear\"><\/div><\/div><div class=\"um-field-area\"><input  autocomplete=\"off\" class=\"um-form-field valid \" type=\"text\" name=\"user_login-30020\" id=\"user_login-30020\" value=\"\" placeholder=\"EJEMPLO: emiliolopez\" data-validate=\"unique_username\" data-key=\"user_login\"  aria-invalid=\"false\" \/>\n\n\t\t\t\t\t\t<\/div><\/div><div  id=\"um_field_30020__clave\" class=\"um-field um-field-password  um-field-_clave um-field-password um-field-type_password\" data-key=\"_clave\"><div class=\"um-field-label\"><label for=\"_clave-30020\">Contrase\u00f1a<\/label><span class=\"um-tip um-tip-w\" title=\"Al menos 8 caracteres alfanum\u00e9ricos, alternar entre n\u00fameros, may\u00fasculas y min\u00fasculas.\"><i class=\"um-icon-help-circled\"><\/i><\/span><div class=\"um-clear\"><\/div><\/div><div class=\"um-field-area\"><input class=\"um-form-field valid \" type=\"password\" name=\"_clave-30020\" id=\"_clave-30020\" value=\"\" placeholder=\"EJEMPLO: #EmiLopez2023\" data-validate=\"\" data-key=\"_clave\"  aria-invalid=\"false\" \/>\n\n\t\t\t\t\t\t\t<\/div><\/div><div  id=\"um_field_30020_confirm__clave\" class=\"um-field um-field-password  um-field-_clave um-field-password um-field-type_password\" data-key=\"confirm__clave\"><div class=\"um-field-label\"><label for=\"confirm__clave-30020\">Confirmar Contrase\u00f1a<\/label><span class=\"um-tip um-tip-w\" title=\"Al menos 8 caracteres alfanum\u00e9ricos, alternar entre n\u00fameros, may\u00fasculas y min\u00fasculas.\"><i class=\"um-icon-help-circled\"><\/i><\/span><div class=\"um-clear\"><\/div><\/div><div class=\"um-field-area\"><input class=\"um-form-field valid \" type=\"password\" name=\"confirm__clave-30020\" id=\"confirm__clave-30020\" value=\"\" placeholder=\"Confirmar Contrase\u00f1a\" data-validate=\"\" data-key=\"confirm__clave\"  aria-invalid=\"false\" \/><\/div><\/div><div  id=\"um_field_30020_user_email\" class=\"um-field um-field-text  um-field-user_email um-field-text um-field-type_text\" data-key=\"user_email\"><div class=\"um-field-label\"><label for=\"user_email-30020\">Direcci\u00f3n de correo electr\u00f3nico<\/label><div class=\"um-clear\"><\/div><\/div><div class=\"um-field-area\"><input  autocomplete=\"off\" class=\"um-form-field valid \" type=\"text\" name=\"user_email-30020\" id=\"user_email-30020\" value=\"\" placeholder=\"\" data-validate=\"unique_email\" data-key=\"user_email\"  aria-invalid=\"false\" \/>\n\n\t\t\t\t\t\t<\/div><\/div><div  id=\"um_field_30020_first_name\" class=\"um-field um-field-text  um-field-first_name um-field-text um-field-type_text\" data-key=\"first_name\"><div class=\"um-field-label\"><label for=\"first_name-30020\">Nombres<\/label><span class=\"um-tip um-tip-w\" title=\"Nombres\"><i class=\"um-icon-help-circled\"><\/i><\/span><div class=\"um-clear\"><\/div><\/div><div class=\"um-field-area\"><input  autocomplete=\"off\" class=\"um-form-field valid \" type=\"text\" name=\"first_name-30020\" id=\"first_name-30020\" value=\"\" placeholder=\"Nombres reales para el certificado\" data-validate=\"\" data-key=\"first_name\"  aria-invalid=\"false\" \/>\n\n\t\t\t\t\t\t<\/div><\/div><div  id=\"um_field_30020_last_name\" class=\"um-field um-field-text  um-field-last_name um-field-text um-field-type_text\" data-key=\"last_name\"><div class=\"um-field-label\"><label for=\"last_name-30020\">Apellidos<\/label><span class=\"um-tip um-tip-w\" title=\"Apellidos\"><i class=\"um-icon-help-circled\"><\/i><\/span><div class=\"um-clear\"><\/div><\/div><div class=\"um-field-area\"><input  autocomplete=\"off\" class=\"um-form-field valid \" type=\"text\" name=\"last_name-30020\" id=\"last_name-30020\" value=\"\" placeholder=\"Apellidos reales para el certificado\" data-validate=\"\" data-key=\"last_name\"  aria-invalid=\"false\" \/>\n\n\t\t\t\t\t\t<\/div><\/div><div  id=\"um_field_30020_role_select\" class=\"um-field um-field-select  um-field-role_select um-field-select um-field-type_select\" data-key=\"role_select\"><div class=\"um-field-label\"><label for=\"role_select-30020\">D\u00f3nde desempe\u00f1a su trabajo?<\/label><div class=\"um-clear\"><\/div><\/div><div class=\"um-field-area  \"><select data-default=\"\"     name=\"role\" id=\"role\" data-validate=\"\" data-key=\"role_select\" class=\"um-form-field valid um-s1 \" style=\"width: 100%\" data-placeholder=\"D\u00f3nde desempe\u00f1a su trabajo?\"   aria-invalid=\"false\" ><option value=\"\"><\/option><option value=\"um_buenos-aires\" >Buenos Aires<\/option><option value=\"um_caba\" >CABA<\/option><option value=\"um_catamarca\" >Catamarca<\/option><option value=\"um_chaco\" >Chaco<\/option><option value=\"um_chubut\" >Chubut<\/option><option value=\"um_custom_role_3\" >C\u00f3rdoba<\/option><option value=\"um_corrientes\" >Corrientes<\/option><option value=\"um_custom_role_4\" >Entre R\u00edos<\/option><option value=\"um_formosa\" >Formosa<\/option><option value=\"um_jujuy\" >Jujuy<\/option><option value=\"um_la-pampa\" >La Pampa<\/option><option value=\"um_la-rioja\" >La Rioja<\/option><option value=\"um_mendoza\" >Mendoza<\/option><option value=\"um_misiones\" >Misiones<\/option><option value=\"um_custom_role_5\" >Neuqu\u00e9n<\/option><option value=\"um_custom_role_6\" >R\u00edo Negro<\/option><option value=\"um_salta\" >Salta<\/option><option value=\"um_san-juan\" >San Juan<\/option><option value=\"um_san-luis\" >San Luis<\/option><option value=\"um_santa-cruz\" >Santa Cruz<\/option><option value=\"um_santa-fe\" >Santa Fe<\/option><option value=\"um_santiago-del-estero\" >Santiago del Estero<\/option><option value=\"um_custom_role_7\" >Tierra del Fuego, Ant\u00e1rtida e Islas del Atl\u00e1ntico Sur<\/option><option value=\"um_custom_role_8\" >Tucum\u00e1n<\/option><option value=\"um_fuera-de-argentina\" >Fuera de Argentina<\/option><\/select><\/div><\/div><\/div><\/div>\t<input type=\"hidden\" name=\"form_id\" id=\"form_id_30020\" value=\"30020\" \/>\n\t\t<p class=\"um_request_name\">\n\t\t<label for=\"um_request_30020\">Only fill in if you are not human<\/label>\n\t\t<input type=\"hidden\" name=\"um_request\" id=\"um_request_30020\" class=\"input\" value=\"\" size=\"25\" autocomplete=\"off\" \/>\n\t<\/p>\n\t<input type=\"hidden\" id=\"_wpnonce\" name=\"_wpnonce\" value=\"5003f328f1\" \/><input type=\"hidden\" name=\"_wp_http_referer\" value=\"\/cursos\/wp-json\/wp\/v2\/pages\/29752\" \/>\n\t<div class=\"um-col-alt\">\n\n\t\t\n\t\t\t<div class=\"um-left um-half\">\n\t\t\t\t<input type=\"submit\" value=\"Registro\" class=\"um-button\" id=\"um-submit-btn\" \/>\n\t\t\t<\/div>\n\t\t\t<div class=\"um-right um-half\">\n\t\t\t\t<a href=\"https:\/\/www.campusvirtualunfpa.com.ar\/cursos\/\" class=\"um-button um-alt\">\n\t\t\t\t\tIniciar sesi\u00f3n\t\t\t\t<\/a>\n\t\t\t<\/div>\n\n\t\t\n\t\t<div class=\"um-clear\"><\/div>\n\n\t<\/div>\n\n\t\t\t<\/form>\n\t<\/div>\n<\/div>\n<style>\n\t\t\t.um-30020.um {\n\t\t\tmax-width: 450px;\n\t\t}\n\t\t<\/style>\n<\/p>[\/et_pb_text][\/et_pb_column][\/et_pb_row][\/et_pb_section][et_pb_section fb_built=&#8221;1&#8243; _builder_version=&#8221;4.16&#8243; background_color=&#8221;#000000&#8243; custom_padding=&#8221;8px||6px|||&#8221; global_colors_info=&#8221;{}&#8221;][et_pb_row _builder_version=&#8221;4.16&#8243; custom_padding=&#8221;||2px|||&#8221; global_colors_info=&#8221;{}&#8221;][et_pb_column type=&#8221;4_4&#8243; _builder_version=&#8221;4.16&#8243; global_colors_info=&#8221;{}&#8221;][et_pb_image src=&#8221;https:\/\/www.campusvirtualunfpa.com.ar\/cursos\/wp-content\/uploads\/2023\/10\/footer_logo_unfpa1.jpg&#8221; title_text=&#8221;footer_logo_unfpa1&#8243; _builder_version=&#8221;4.16&#8243; width=&#8221;12%&#8221; width_tablet=&#8221;20%&#8221; width_phone=&#8221;35%&#8221; width_last_edited=&#8221;on|phone&#8221; custom_margin=&#8221;||||false|false&#8221; custom_padding=&#8221;||||false|false&#8221; global_colors_info=&#8221;{}&#8221;][\/et_pb_image][\/et_pb_column][\/et_pb_row][et_pb_row column_structure=&#8221;1_3,1_3,1_3&#8243; use_custom_gutter=&#8221;on&#8221; _builder_version=&#8221;4.16&#8243; custom_padding=&#8221;30px|||||&#8221; global_colors_info=&#8221;{}&#8221;][et_pb_column type=&#8221;1_3&#8243; _builder_version=&#8221;4.16&#8243; global_colors_info=&#8221;{}&#8221;][et_pb_text _builder_version=&#8221;4.21.0&#8243; text_text_color=&#8221;#ffffff&#8221; global_colors_info=&#8221;{}&#8221;]<p>\u00a9 Todos los derechos reservados 2023<\/p>[\/et_pb_text][\/et_pb_column][et_pb_column type=&#8221;1_3&#8243; _builder_version=&#8221;4.16&#8243; global_colors_info=&#8221;{}&#8221;][et_pb_text _builder_version=&#8221;4.16&#8243; text_text_color=&#8221;#ffffff&#8221; global_colors_info=&#8221;{}&#8221;]<div style=\"float: left;\">Siganos en:<\/div>\n<div style=\"float: left; margin-left:15px\"><a href=\"https:\/\/twitter.com\/UNFPAargentina\" target=\"_blank\" rel=\"noopener noreferrer\"><img loading=\"lazy\" decoding=\"async\" style=\"vertical-align: middle; margin-right: 12px;\" src=\"https:\/\/www.campusvirtualunfpa.com.ar\/cursos\/wp-content\/uploads\/2023\/10\/iconos_footer_tw.png\" width=\"22\" height=\"22\" alt=\"\" class=\"wp-image-108 alignnone size-full\" \/><\/a><\/div>\n<div style=\"float: left;\"><a href=\"https:\/\/www.facebook.com\/unfpaargentina\" target=\"_blank\" rel=\"noopener noreferrer\"><img loading=\"lazy\" decoding=\"async\" style=\"vertical-align: middle; margin-right: 12px;\" src=\"https:\/\/www.campusvirtualunfpa.com.ar\/cursos\/wp-content\/uploads\/2023\/10\/iconos_footer_face.png\" width=\"22\" height=\"22\" alt=\"\" class=\"wp-image-108 alignnone size-full\" \/><\/a><\/div>\n<div style=\"float: left;\"><a href=\"https:\/\/www.youtube.com\/user\/unfpaargentina\" target=\"_blank\" rel=\"noopener noreferrer\"><img loading=\"lazy\" decoding=\"async\" style=\"vertical-align: middle; margin-right: 12px;\" src=\"https:\/\/www.campusvirtualunfpa.com.ar\/cursos\/wp-content\/uploads\/2023\/10\/iconos_footer_tube.png\" width=\"22\" height=\"22\" alt=\"\" class=\"wp-image-108 alignnone size-full\" \/><\/a><\/div>\n<div style=\"float: left;\"><a href=\"https:\/\/www.instagram.com\/unfpaargentina\/\" target=\"_blank\" rel=\"noopener noreferrer\"><img loading=\"lazy\" decoding=\"async\" style=\"vertical-align: middle; margin-right: 12px;\" src=\"https:\/\/www.campusvirtualunfpa.com.ar\/cursos\/wp-content\/uploads\/2023\/10\/iconos_footer_instagram.png\" width=\"22\" height=\"22\" alt=\"\" class=\"wp-image-108 alignnone size-full\" \/><\/a><\/div>\n<div style=\"float: left;\"><a href=\"https:\/\/ar.linkedin.com\/company\/unfpa-argentina\" target=\"_blank\" rel=\"noopener noreferrer\"><img loading=\"lazy\" decoding=\"async\" style=\"vertical-align: middle; margin-right: 12px;\" src=\"https:\/\/www.campusvirtualunfpa.com.ar\/cursos\/wp-content\/uploads\/2023\/10\/ico_linkedin1.png\" width=\"22\" height=\"22\" alt=\"\" class=\"wp-image-108 alignnone size-full\" \/><\/a><\/div>[\/et_pb_text][\/et_pb_column][et_pb_column type=&#8221;1_3&#8243; _builder_version=&#8221;4.16&#8243; global_colors_info=&#8221;{}&#8221;][et_pb_text _builder_version=&#8221;4.16&#8243; text_text_color=&#8221;#ffffff&#8221; global_colors_info=&#8221;{}&#8221;]<p><span style=\"color: #ffffff;\"><a href=\"https:\/\/argentina.unfpa.org\/\" target=\"_blank\" rel=\"noopener noreferrer\" style=\"color: #ffffff;\">https:\/\/argentina.unfpa.org\/<\/a><\/span><\/p>[\/et_pb_text][\/et_pb_column][\/et_pb_row][\/et_pb_section]","protected":false},"excerpt":{"rendered":"<p>Registro Atenci\u00f3n: Los datos ingresados (Nombres y Apellidos) ser\u00e1n utilizados para la confecci\u00f3n de los certificados digitales. Verifique sus datos antes de registrarse. \n<div class=\"um um-register um-30020\">\n\t<div class=\"um-form\" data-mode=\"register\">\n\t\t<form method=\"post\" action=\"\">\n\t\t\t<div class=\"um-row _um_row_1 \" style=\"padding: 0px 0px 0px 0px;margin: 0px 0px 30px 0px;border-width: 0px 0px 0px 0px;border-style: solid;border-radius: 0px;\"><div class=\"um-col-1\"><div  id=\"um_field_30020_user_login\" class=\"um-field um-field-text  um-field-user_login um-field-text um-field-type_text\" data-key=\"user_login\"><div class=\"um-field-label\"><label for=\"user_login-30020\">Nombre de usuario<\/label><span class=\"um-tip um-tip-w\" title=\"En min\u00fasculas sin espacios.\"><i class=\"um-icon-help-circled\"><\/i><\/span><div class=\"um-clear\"><\/div><\/div><div class=\"um-field-area\"><input  autocomplete=\"off\" class=\"um-form-field valid \" type=\"text\" name=\"user_login-30020\" id=\"user_login-30020\" value=\"\" placeholder=\"EJEMPLO: emiliolopez\" data-validate=\"unique_username\" data-key=\"user_login\"  aria-invalid=\"false\" \/>\n\n\t\t\t\t\t\t<\/div><\/div><div  id=\"um_field_30020__clave\" class=\"um-field um-field-password  um-field-_clave um-field-password um-field-type_password\" data-key=\"_clave\"><div class=\"um-field-label\"><label for=\"_clave-30020\">Contrase\u00f1a<\/label><span class=\"um-tip um-tip-w\" title=\"Al menos 8 caracteres alfanum\u00e9ricos, alternar entre n\u00fameros, may\u00fasculas y min\u00fasculas.\"><i class=\"um-icon-help-circled\"><\/i><\/span><div class=\"um-clear\"><\/div><\/div><div class=\"um-field-area\"><input class=\"um-form-field valid \" type=\"password\" name=\"_clave-30020\" id=\"_clave-30020\" value=\"\" placeholder=\"EJEMPLO: #EmiLopez2023\" data-validate=\"\" data-key=\"_clave\"  aria-invalid=\"false\" \/>\n\n\t\t\t\t\t\t\t<\/div><\/div><div  id=\"um_field_30020_confirm__clave\" class=\"um-field um-field-password  um-field-_clave um-field-password um-field-type_password\" data-key=\"confirm__clave\"><div class=\"um-field-label\"><label for=\"confirm__clave-30020\">Confirmar Contrase\u00f1a<\/label><span class=\"um-tip um-tip-w\" title=\"Al menos 8 caracteres alfanum\u00e9ricos, alternar entre n\u00fameros, may\u00fasculas y min\u00fasculas.\"><i class=\"um-icon-help-circled\"><\/i><\/span><div class=\"um-clear\"><\/div><\/div><div class=\"um-field-area\"><input class=\"um-form-field valid \" type=\"password\" name=\"confirm__clave-30020\" id=\"confirm__clave-30020\" value=\"\" placeholder=\"Confirmar Contrase\u00f1a\" data-validate=\"\" data-key=\"confirm__clave\"  aria-invalid=\"false\" \/><\/div><\/div><div  id=\"um_field_30020_user_email\" class=\"um-field um-field-text  um-field-user_email um-field-text um-field-type_text\" data-key=\"user_email\"><div class=\"um-field-label\"><label for=\"user_email-30020\">Direcci\u00f3n de correo electr\u00f3nico<\/label><div class=\"um-clear\"><\/div><\/div><div class=\"um-field-area\"><input  autocomplete=\"off\" class=\"um-form-field valid \" type=\"text\" name=\"user_email-30020\" id=\"user_email-30020\" value=\"\" placeholder=\"\" data-validate=\"unique_email\" data-key=\"user_email\"  aria-invalid=\"false\" \/>\n\n\t\t\t\t\t\t<\/div><\/div><div  id=\"um_field_30020_first_name\" class=\"um-field um-field-text  um-field-first_name um-field-text um-field-type_text\" data-key=\"first_name\"><div class=\"um-field-label\"><label for=\"first_name-30020\">Nombres<\/label><span class=\"um-tip um-tip-w\" title=\"Nombres\"><i class=\"um-icon-help-circled\"><\/i><\/span><div class=\"um-clear\"><\/div><\/div><div class=\"um-field-area\"><input  autocomplete=\"off\" class=\"um-form-field valid \" type=\"text\" name=\"first_name-30020\" id=\"first_name-30020\" value=\"\" placeholder=\"Nombres reales para el certificado\" data-validate=\"\" data-key=\"first_name\"  aria-invalid=\"false\" \/>\n\n\t\t\t\t\t\t<\/div><\/div><div  id=\"um_field_30020_last_name\" class=\"um-field um-field-text  um-field-last_name um-field-text um-field-type_text\" data-key=\"last_name\"><div class=\"um-field-label\"><label for=\"last_name-30020\">Apellidos<\/label><span class=\"um-tip um-tip-w\" title=\"Apellidos\"><i class=\"um-icon-help-circled\"><\/i><\/span><div class=\"um-clear\"><\/div><\/div><div class=\"um-field-area\"><input  autocomplete=\"off\" class=\"um-form-field valid \" type=\"text\" name=\"last_name-30020\" id=\"last_name-30020\" value=\"\" placeholder=\"Apellidos reales para el certificado\" data-validate=\"\" data-key=\"last_name\"  aria-invalid=\"false\" \/>\n\n\t\t\t\t\t\t<\/div><\/div><div  id=\"um_field_30020_role_select\" class=\"um-field um-field-select  um-field-role_select um-field-select um-field-type_select\" data-key=\"role_select\"><div class=\"um-field-label\"><label for=\"role_select-30020\">D\u00f3nde desempe\u00f1a su trabajo?<\/label><div class=\"um-clear\"><\/div><\/div><div class=\"um-field-area  \"><select data-default=\"\"     name=\"role\" id=\"role\" data-validate=\"\" data-key=\"role_select\" class=\"um-form-field valid um-s1 \" style=\"width: 100%\" data-placeholder=\"D\u00f3nde desempe\u00f1a su trabajo?\"   aria-invalid=\"false\" ><option value=\"\"><\/option><option value=\"um_buenos-aires\" >Buenos Aires<\/option><option value=\"um_caba\" >CABA<\/option><option value=\"um_catamarca\" >Catamarca<\/option><option value=\"um_chaco\" >Chaco<\/option><option value=\"um_chubut\" >Chubut<\/option><option value=\"um_custom_role_3\" >C\u00f3rdoba<\/option><option value=\"um_corrientes\" >Corrientes<\/option><option value=\"um_custom_role_4\" >Entre R\u00edos<\/option><option value=\"um_formosa\" >Formosa<\/option><option value=\"um_jujuy\" >Jujuy<\/option><option value=\"um_la-pampa\" >La Pampa<\/option><option value=\"um_la-rioja\" >La Rioja<\/option><option value=\"um_mendoza\" >Mendoza<\/option><option value=\"um_misiones\" >Misiones<\/option><option value=\"um_custom_role_5\" >Neuqu\u00e9n<\/option><option value=\"um_custom_role_6\" >R\u00edo Negro<\/option><option value=\"um_salta\" >Salta<\/option><option value=\"um_san-juan\" >San Juan<\/option><option value=\"um_san-luis\" >San Luis<\/option><option value=\"um_santa-cruz\" >Santa Cruz<\/option><option value=\"um_santa-fe\" >Santa Fe<\/option><option value=\"um_santiago-del-estero\" >Santiago del Estero<\/option><option value=\"um_custom_role_7\" >Tierra del Fuego, Ant\u00e1rtida e Islas del Atl\u00e1ntico Sur<\/option><option value=\"um_custom_role_8\" >Tucum\u00e1n<\/option><option value=\"um_fuera-de-argentina\" >Fuera de Argentina<\/option><\/select><\/div><\/div><\/div><\/div>\t<input type=\"hidden\" name=\"form_id\" id=\"form_id_30020\" value=\"30020\" \/>\n\t\t<p class=\"um_request_name\">\n\t\t<label for=\"um_request_30020\">Only fill in if you are not human<\/label>\n\t\t<input type=\"hidden\" name=\"um_request\" id=\"um_request_30020\" class=\"input\" value=\"\" size=\"25\" autocomplete=\"off\" \/>\n\t<\/p>\n\t<input type=\"hidden\" id=\"_wpnonce\" name=\"_wpnonce\" value=\"5003f328f1\" \/><input type=\"hidden\" name=\"_wp_http_referer\" value=\"\/cursos\/wp-json\/wp\/v2\/pages\/29752\" \/>\n\t<div class=\"um-col-alt\">\n\n\t\t\n\t\t\t<div class=\"um-left um-half\">\n\t\t\t\t<input type=\"submit\" value=\"Registro\" class=\"um-button\" id=\"um-submit-btn\" \/>\n\t\t\t<\/div>\n\t\t\t<div class=\"um-right um-half\">\n\t\t\t\t<a href=\"https:\/\/www.campusvirtualunfpa.com.ar\/cursos\/\" class=\"um-button um-alt\">\n\t\t\t\t\tIniciar sesi\u00f3n\t\t\t\t<\/a>\n\t\t\t<\/div>\n\n\t\t\n\t\t<div class=\"um-clear\"><\/div>\n\n\t<\/div>\n\n\t\t\t<\/form>\n\t<\/div>\n<\/div>\n\u00a9 Todos los derechos reservados 2023Siganos en: https:\/\/argentina.unfpa.org\/<\/p>\n","protected":false},"author":2,"featured_media":0,"parent":0,"menu_order":0,"comment_status":"closed","ping_status":"closed","template":"","meta":{"_et_pb_use_builder":"on","_et_pb_old_content":"<!-- wp:paragraph {\"style\":{\"typography\":{\"fontSize\":\"15px\"}}} -->\n<p style=\"font-size:15px\"><strong>Atenci\u00f3n: <\/strong>Los datos ingresados (Nombres y Apellidos) ser\u00e1n utilizados para la confecci\u00f3n de los certificados digitales. Verifique sus datos antes de registrarse.<\/p>\n<!-- \/wp:paragraph -->\n\n<!-- wp:spacer {\"height\":\"77px\"} -->\n<div style=\"height:77px\" aria-hidden=\"true\" class=\"wp-block-spacer\"><\/div>\n<!-- \/wp:spacer -->\n\n<!-- wp:shortcode -->\n[ultimatemember form_id=\"30020\"]\n<!-- \/wp:shortcode -->","_et_gb_content_width":"","footnotes":""},"class_list":["post-29752","page","type-page","status-publish","hentry"],"_links":{"self":[{"href":"https:\/\/www.campusvirtualunfpa.com.ar\/cursos\/wp-json\/wp\/v2\/pages\/29752","targetHints":{"allow":["GET"]}}],"collection":[{"href":"https:\/\/www.campusvirtualunfpa.com.ar\/cursos\/wp-json\/wp\/v2\/pages"}],"about":[{"href":"https:\/\/www.campusvirtualunfpa.com.ar\/cursos\/wp-json\/wp\/v2\/types\/page"}],"author":[{"embeddable":true,"href":"https:\/\/www.campusvirtualunfpa.com.ar\/cursos\/wp-json\/wp\/v2\/users\/2"}],"replies":[{"embeddable":true,"href":"https:\/\/www.campusvirtualunfpa.com.ar\/cursos\/wp-json\/wp\/v2\/comments?post=29752"}],"version-history":[{"count":31,"href":"https:\/\/www.campusvirtualunfpa.com.ar\/cursos\/wp-json\/wp\/v2\/pages\/29752\/revisions"}],"predecessor-version":[{"id":31140,"href":"https:\/\/www.campusvirtualunfpa.com.ar\/cursos\/wp-json\/wp\/v2\/pages\/29752\/revisions\/31140"}],"wp:attachment":[{"href":"https:\/\/www.campusvirtualunfpa.com.ar\/cursos\/wp-json\/wp\/v2\/media?parent=29752"}],"curies":[{"name":"wp","href":"https:\/\/api.w.org\/{rel}","templated":true}]}}